{"id":532,"date":"2026-04-29T12:37:07","date_gmt":"2026-04-29T12:37:07","guid":{"rendered":"https:\/\/gmci-services.com\/projects\/"},"modified":"2026-05-05T04:22:57","modified_gmt":"2026-05-05T04:22:57","slug":"travaux","status":"publish","type":"page","link":"https:\/\/gmci-services.com\/en\/travaux\/","title":{"rendered":"Work"},"content":{"rendered":"\t\t<div data-elementor-type=\"wp-post\" data-elementor-id=\"532\" class=\"elementor elementor-532\">\n\t\t\t\t<div class=\"elementor-element elementor-element-d498350 e-flex e-con-boxed e-con e-parent\" data-id=\"d498350\" data-element_type=\"container\" data-e-type=\"container\" data-settings=\"{&quot;background_background&quot;:&quot;slideshow&quot;,&quot;background_slideshow_gallery&quot;:[{&quot;id&quot;:1888,&quot;url&quot;:&quot;https:\\\/\\\/gmci-services.com\\\/wp-content\\\/uploads\\\/2026\\\/05\\\/PHOTO-2025-10-21-11-03-06.jpg&quot;},{&quot;id&quot;:1882,&quot;url&quot;:&quot;https:\\\/\\\/gmci-services.com\\\/wp-content\\\/uploads\\\/2026\\\/05\\\/WhatsApp-Image-2025-10-16-at-09.08.14-4.jpeg&quot;}],&quot;background_slideshow_loop&quot;:&quot;yes&quot;,&quot;background_slideshow_slide_duration&quot;:5000,&quot;background_slideshow_slide_transition&quot;:&quot;fade&quot;,&quot;background_slideshow_transition_duration&quot;:500}\">\n\t\t\t\t\t<div class=\"e-con-inner\">\n\t\t<div class=\"elementor-element elementor-element-9598dd3 e-con-full e-flex e-con e-child\" data-id=\"9598dd3\" data-element_type=\"container\" data-e-type=\"container\">\n\t\t\t\t<div class=\"elementor-element elementor-element-13ed86a elementor-widget elementor-widget-heading\" data-id=\"13ed86a\" data-element_type=\"widget\" data-e-type=\"widget\" data-widget_type=\"heading.default\">\n\t\t\t\t<div class=\"elementor-widget-container\">\n\t\t\t\t\t<h2 class=\"elementor-heading-title elementor-size-default\">R\u00e9alisations &amp; Newsletter<\/h2>\t\t\t\t<\/div>\n\t\t\t\t<\/div>\n\t\t\t\t<div class=\"elementor-element elementor-element-7cc969b elementor-widget elementor-widget-heading\" data-id=\"7cc969b\" data-element_type=\"widget\" data-e-type=\"widget\" data-widget_type=\"heading.default\">\n\t\t\t\t<div class=\"elementor-widget-container\">\n\t\t\t\t\t<h4 class=\"elementor-heading-title elementor-size-default\"><a href=\"\/\">Accueil<\/a> \n<i class=\"fas fa-chevron-right\" style=\"color: blue\"><\/i> \nR\u00e9alisations &amp; Newsletter<\/h4>\t\t\t\t<\/div>\n\t\t\t\t<\/div>\n\t\t\t\t<\/div>\n\t\t\t\t\t<\/div>\n\t\t\t\t<\/div>\n\t\t<div class=\"elementor-element elementor-element-bcaf74e e-flex e-con-boxed e-con e-parent\" data-id=\"bcaf74e\" data-element_type=\"container\" data-e-type=\"container\" data-settings=\"{&quot;background_background&quot;:&quot;classic&quot;}\">\n\t\t\t\t\t<div class=\"e-con-inner\">\n\t\t<div class=\"elementor-element elementor-element-cef23ca e-con-full e-flex e-con e-child\" data-id=\"cef23ca\" data-element_type=\"container\" data-e-type=\"container\">\n\t\t\t\t<div class=\"elementor-element elementor-element-6efe4a3 elementor-widget elementor-widget-image\" data-id=\"6efe4a3\" data-element_type=\"widget\" data-e-type=\"widget\" data-widget_type=\"image.default\">\n\t\t\t\t<div class=\"elementor-widget-container\">\n\t\t\t\t\t\t\t\t\t\t\t\t\t\t\t<img fetchpriority=\"high\" decoding=\"async\" width=\"1600\" height=\"1200\" src=\"https:\/\/gmci-services.com\/wp-content\/uploads\/2026\/05\/PHOTO-2025-10-21-11-03-06.jpg\" class=\"attachment-full size-full wp-image-1888\" alt=\"photo 2025 10 21 11 03 06\" srcset=\"https:\/\/gmci-services.com\/wp-content\/uploads\/2026\/05\/PHOTO-2025-10-21-11-03-06.jpg 1600w, https:\/\/gmci-services.com\/wp-content\/uploads\/2026\/05\/PHOTO-2025-10-21-11-03-06-300x225.jpg 300w, https:\/\/gmci-services.com\/wp-content\/uploads\/2026\/05\/PHOTO-2025-10-21-11-03-06-1024x768.jpg 1024w, https:\/\/gmci-services.com\/wp-content\/uploads\/2026\/05\/PHOTO-2025-10-21-11-03-06-768x576.jpg 768w, https:\/\/gmci-services.com\/wp-content\/uploads\/2026\/05\/PHOTO-2025-10-21-11-03-06-1536x1152.jpg 1536w, https:\/\/gmci-services.com\/wp-content\/uploads\/2026\/05\/PHOTO-2025-10-21-11-03-06-16x12.jpg 16w\" sizes=\"(max-width: 1600px) 100vw, 1600px\" title=\"Travaux\">\t\t\t\t\t\t\t\t\t\t\t\t\t\t\t<\/div>\n\t\t\t\t<\/div>\n\t\t\t\t<div class=\"elementor-element elementor-element-5faea9f elementor-widget elementor-widget-heading\" data-id=\"5faea9f\" data-element_type=\"widget\" data-e-type=\"widget\" data-widget_type=\"heading.default\">\n\t\t\t\t<div class=\"elementor-widget-container\">\n\t\t\t\t\t<h4 class=\"elementor-heading-title elementor-size-default\">\ud83d\udd39Hangar Frisomat \u00e0 Ntchengue (Port-Gentil, Gabon)<\/h4>\t\t\t\t<\/div>\n\t\t\t\t<\/div>\n\t\t\t\t<div class=\"elementor-element elementor-element-2ac1043 elementor-widget elementor-widget-text-editor\" data-id=\"2ac1043\" data-element_type=\"widget\" data-e-type=\"widget\" data-widget_type=\"text-editor.default\">\n\t\t\t\t<div class=\"elementor-widget-container\">\n\t\t\t\t\t\t\t\t\t<p data-start=\"201\" data-end=\"244\">Construit pour la c\u00f4te. Con\u00e7u pour durer.<\/p><p data-start=\"246\" data-end=\"462\">\u00c0 Ntchengue, pr\u00e8s de Port-Gentil, les op\u00e9rations n\u00e9cessitaient un atelier capable de r\u00e9sister \u00e0 une forte humidit\u00e9, \u00e0 l\u2019air salin et \u00e0 un usage intensif au quotidien, sans compromettre la rapidit\u00e9 de mise en \u0153uvre.<\/p><p data-start=\"464\" data-end=\"609\">GMCIS, en collaboration avec Frisomat, a r\u00e9alis\u00e9 le montage d\u2019un atelier en acier pr\u00e9fabriqu\u00e9 parfaitement adapt\u00e9 aux environnements exigeants.<\/p><p data-start=\"611\" data-end=\"973\"><strong data-start=\"611\" data-end=\"659\">Pourquoi cette solution fait la diff\u00e9rence :<\/strong><br data-start=\"659\" data-end=\"662\" \/><img decoding=\"async\" class=\"emoji\" role=\"img\" draggable=\"false\" src=\"https:\/\/s.w.org\/images\/core\/emoji\/17.0.2\/svg\/1f6a2.svg\" alt=\"\ud83d\udea2\" title=\"Travaux\"> Composants en acier l\u00e9gers : transport optimis\u00e9, r\u00e9duction des co\u00fbts logistiques<br data-start=\"745\" data-end=\"748\" \/><img decoding=\"async\" class=\"emoji\" role=\"img\" draggable=\"false\" src=\"https:\/\/s.w.org\/images\/core\/emoji\/17.0.2\/svg\/1f529.svg\" alt=\"\ud83d\udd29\" title=\"Travaux\"> Profils pr\u00e9-perfor\u00e9s et connexions boulonn\u00e9es : assemblage rapide et efficace sur site<br data-start=\"837\" data-end=\"840\" \/><img decoding=\"async\" class=\"emoji\" role=\"img\" draggable=\"false\" src=\"https:\/\/s.w.org\/images\/core\/emoji\/17.0.2\/svg\/1f477.svg\" alt=\"\ud83d\udc77\" title=\"Travaux\"> Installation assur\u00e9e par GMCIS sous supervision technique<br data-start=\"900\" data-end=\"903\" \/><img decoding=\"async\" class=\"emoji\" role=\"img\" draggable=\"false\" src=\"https:\/\/s.w.org\/images\/core\/emoji\/17.0.2\/svg\/1f6e1.svg\" alt=\"\ud83d\udee1\ufe0f\" title=\"Travaux\"> Rev\u00eatement haute protection : r\u00e9sistance maximale \u00e0 la corrosion<\/p><p data-start=\"975\" data-end=\"1153\">Gr\u00e2ce \u00e0 une structure en acier galvanis\u00e9 form\u00e9 \u00e0 froid, les besoins en fondation sont r\u00e9duits tout en garantissant une durabilit\u00e9 exceptionnelle, m\u00eame en milieu marin agressif.<\/p><p data-start=\"1155\" data-end=\"1225\"><strong data-start=\"1155\" data-end=\"1223\">Rapide \u00e0 construire. Durable. Con\u00e7u pour la performance c\u00f4ti\u00e8re.<\/strong><\/p><p data-start=\"1227\" data-end=\"1271\">\u00a0<\/p>\t\t\t\t\t\t\t\t<\/div>\n\t\t\t\t<\/div>\n\t\t\t\t<div class=\"elementor-element elementor-element-3279da8 elementor-widget elementor-widget-heading\" data-id=\"3279da8\" data-element_type=\"widget\" data-e-type=\"widget\" data-widget_type=\"heading.default\">\n\t\t\t\t<div class=\"elementor-widget-container\">\n\t\t\t\t\t<h4 class=\"elementor-heading-title elementor-size-default\"><a href=\"https:\/\/www.linkedin.com\/posts\/frisomat-gabon-steelbuildings-ugcPost-7449425582318080000-FaSB?utm_source=share&#038;utm_medium=member_desktop&#038;rcm=ACoAAGJXHVcB2_SvjBO6u4bCTz6GFoUVGMPXi4Y\">\ud83c\udfac D\u00e9couvrez le projet en vid\u00e9o timelapse.<\/a><\/h4>\t\t\t\t<\/div>\n\t\t\t\t<\/div>\n\t\t\t\t<\/div>\n\t\t<div class=\"elementor-element elementor-element-a169617 e-con-full e-flex e-con e-child\" data-id=\"a169617\" data-element_type=\"container\" data-e-type=\"container\">\n\t\t\t\t<div class=\"elementor-element elementor-element-2fd8b77 elementor-widget elementor-widget-image\" data-id=\"2fd8b77\" data-element_type=\"widget\" data-e-type=\"widget\" data-widget_type=\"image.default\">\n\t\t\t\t<div class=\"elementor-widget-container\">\n\t\t\t\t\t\t\t\t\t\t\t\t\t\t\t<img decoding=\"async\" width=\"864\" height=\"1152\" src=\"https:\/\/gmci-services.com\/wp-content\/uploads\/2026\/05\/WhatsApp-Image-2026-04-20-at-8.12.12-PM-1.jpeg\" class=\"attachment-full size-full wp-image-1986\" alt=\"whatsapp image 2026 04 20 at 8.12.12 pm\" srcset=\"https:\/\/gmci-services.com\/wp-content\/uploads\/2026\/05\/WhatsApp-Image-2026-04-20-at-8.12.12-PM-1.jpeg 864w, https:\/\/gmci-services.com\/wp-content\/uploads\/2026\/05\/WhatsApp-Image-2026-04-20-at-8.12.12-PM-1-225x300.jpeg 225w, https:\/\/gmci-services.com\/wp-content\/uploads\/2026\/05\/WhatsApp-Image-2026-04-20-at-8.12.12-PM-1-768x1024.jpeg 768w, https:\/\/gmci-services.com\/wp-content\/uploads\/2026\/05\/WhatsApp-Image-2026-04-20-at-8.12.12-PM-1-9x12.jpeg 9w\" sizes=\"(max-width: 864px) 100vw, 864px\" title=\"Travaux\">\t\t\t\t\t\t\t\t\t\t\t\t\t\t\t<\/div>\n\t\t\t\t<\/div>\n\t\t\t\t<div class=\"elementor-element elementor-element-2b30274 elementor-widget elementor-widget-heading\" data-id=\"2b30274\" data-element_type=\"widget\" data-e-type=\"widget\" data-widget_type=\"heading.default\">\n\t\t\t\t<div class=\"elementor-widget-container\">\n\t\t\t\t\t<h4 class=\"elementor-heading-title elementor-size-default\">\ud83d\udd39 Chantier Jack-Up Rig BANBA<\/h4>\t\t\t\t<\/div>\n\t\t\t\t<\/div>\n\t\t\t\t<div class=\"elementor-element elementor-element-4f93f69 elementor-widget elementor-widget-text-editor\" data-id=\"4f93f69\" data-element_type=\"widget\" data-e-type=\"widget\" data-widget_type=\"text-editor.default\">\n\t\t\t\t<div class=\"elementor-widget-container\">\n\t\t\t\t\t\t\t\t\t<p data-start=\"114\" data-end=\"155\"><span style=\"font-style: inherit; font-weight: inherit;\">Ces photos illustrent des op\u00e9rations de soudure r\u00e9alis\u00e9es sur le Jack-Up Rig BANBA, dans des conditions d\u2019acc\u00e8s complexes.<\/span><\/p><p data-start=\"283\" data-end=\"436\">Les interventions concernent notamment la soudure de goussets et de bracons, des travaux exigeant une grande pr\u00e9cision et un haut niveau de comp\u00e9tence.<\/p><p data-start=\"438\" data-end=\"597\">Ces op\u00e9rations requi\u00e8rent une qualification <strong data-start=\"482\" data-end=\"489\">6GR<\/strong>, conform\u00e9ment aux standards de certification BV, comme celle acquise lors de nos formations sp\u00e9cialis\u00e9es.<\/p><p data-start=\"599\" data-end=\"664\"><img decoding=\"async\" class=\"emoji\" role=\"img\" draggable=\"false\" src=\"https:\/\/s.w.org\/images\/core\/emoji\/17.0.2\/svg\/1f4f8.svg\" alt=\"\ud83d\udcf8\" title=\"Travaux\"> <em data-start=\"602\" data-end=\"664\">Interventions techniques en environnement offshore exigeant.<\/em><\/p>\t\t\t\t\t\t\t\t<\/div>\n\t\t\t\t<\/div>\n\t\t\t\t<div class=\"elementor-element elementor-element-5a59287 elementor-widget elementor-widget-heading\" data-id=\"5a59287\" data-element_type=\"widget\" data-e-type=\"widget\" data-widget_type=\"heading.default\">\n\t\t\t\t<div class=\"elementor-widget-container\">\n\t\t\t\t\t<h4 class=\"elementor-heading-title elementor-size-default\">Travaux de soudure en acc\u00e8s difficile\n\n<\/h4>\t\t\t\t<\/div>\n\t\t\t\t<\/div>\n\t\t\t\t<\/div>\n\t\t\t\t\t<\/div>\n\t\t\t\t<\/div>\n\t\t<div class=\"elementor-element elementor-element-4ba8344 e-flex e-con-boxed e-con e-parent\" data-id=\"4ba8344\" data-element_type=\"container\" data-e-type=\"container\" data-settings=\"{&quot;background_background&quot;:&quot;classic&quot;}\">\n\t\t\t\t\t<div class=\"e-con-inner\">\n\t\t<div class=\"elementor-element elementor-element-0346b85 e-con-full e-flex e-con e-child\" data-id=\"0346b85\" data-element_type=\"container\" data-e-type=\"container\">\n\t\t\t\t<div class=\"elementor-element elementor-element-0457f49 elementor-widget elementor-widget-image\" data-id=\"0457f49\" data-element_type=\"widget\" data-e-type=\"widget\" data-widget_type=\"image.default\">\n\t\t\t\t<div class=\"elementor-widget-container\">\n\t\t\t\t\t\t\t\t\t\t\t\t\t\t\t<img decoding=\"async\" width=\"810\" height=\"1080\" src=\"https:\/\/gmci-services.com\/wp-content\/uploads\/2026\/05\/WhatsApp-Image-2026-04-20-at-4.56.33-PM.jpeg\" class=\"attachment-full size-full wp-image-1993\" alt=\"whatsapp image 2026 04 20 at 4.56.33 pm\" srcset=\"https:\/\/gmci-services.com\/wp-content\/uploads\/2026\/05\/WhatsApp-Image-2026-04-20-at-4.56.33-PM.jpeg 810w, https:\/\/gmci-services.com\/wp-content\/uploads\/2026\/05\/WhatsApp-Image-2026-04-20-at-4.56.33-PM-225x300.jpeg 225w, https:\/\/gmci-services.com\/wp-content\/uploads\/2026\/05\/WhatsApp-Image-2026-04-20-at-4.56.33-PM-768x1024.jpeg 768w, https:\/\/gmci-services.com\/wp-content\/uploads\/2026\/05\/WhatsApp-Image-2026-04-20-at-4.56.33-PM-9x12.jpeg 9w\" sizes=\"(max-width: 810px) 100vw, 810px\" title=\"Travaux\">\t\t\t\t\t\t\t\t\t\t\t\t\t\t\t<\/div>\n\t\t\t\t<\/div>\n\t\t\t\t<div class=\"elementor-element elementor-element-47dec90 elementor-widget elementor-widget-heading\" data-id=\"47dec90\" data-element_type=\"widget\" data-e-type=\"widget\" data-widget_type=\"heading.default\">\n\t\t\t\t<div class=\"elementor-widget-container\">\n\t\t\t\t\t<h4 class=\"elementor-heading-title elementor-size-default\">\ud83d\udd39 GMCIS TRAINING<\/h4>\t\t\t\t<\/div>\n\t\t\t\t<\/div>\n\t\t\t\t<div class=\"elementor-element elementor-element-5135834 elementor-widget elementor-widget-text-editor\" data-id=\"5135834\" data-element_type=\"widget\" data-e-type=\"widget\" data-widget_type=\"text-editor.default\">\n\t\t\t\t<div class=\"elementor-widget-container\">\n\t\t\t\t\t\t\t\t\t<p data-start=\"112\" data-end=\"263\">GMCIS renforce continuellement les comp\u00e9tences de ses \u00e9quipes \u00e0 travers des programmes de formation sp\u00e9cialis\u00e9s en soudage et en intervention offshore.<\/p><p data-start=\"265\" data-end=\"446\">R\u00e9cemment, <strong data-start=\"276\" data-end=\"318\">4 soudeurs techniciens certifi\u00e9s IRATA<\/strong> et <strong data-start=\"322\" data-end=\"377\">5 soudeurs en r\u00e9paration navale en espaces confin\u00e9s<\/strong> ont obtenu la certification <strong data-start=\"406\" data-end=\"445\">6GR sous supervision Bureau Veritas<\/strong>.<\/p><p data-start=\"448\" data-end=\"648\">Cette qualification confirme leur capacit\u00e9 \u00e0 intervenir sur des travaux complexes en toutes positions, sur des structures critiques telles que plateformes offshore, navires et \u00e9quipements industriels.<\/p><p data-start=\"650\" data-end=\"828\">Les \u00e9valuations ont \u00e9t\u00e9 r\u00e9alis\u00e9es selon les normes internationales <strong data-start=\"717\" data-end=\"760\">AWS D1.1, ASME Section IX et ISO 9606-1<\/strong>, incluant contr\u00f4les visuels, radiographiques et essais destructifs.<\/p><p data-start=\"830\" data-end=\"930\">\u00a0<\/p>\t\t\t\t\t\t\t\t<\/div>\n\t\t\t\t<\/div>\n\t\t\t\t<div class=\"elementor-element elementor-element-8f6ab33 elementor-widget elementor-widget-heading\" data-id=\"8f6ab33\" data-element_type=\"widget\" data-e-type=\"widget\" data-widget_type=\"heading.default\">\n\t\t\t\t<div class=\"elementor-widget-container\">\n\t\t\t\t\t<h4 class=\"elementor-heading-title elementor-size-default\">\ud83d\udcca R\u00e9sultat : un taux de r\u00e9ussite \u00e9lev\u00e9, refl\u00e9tant le haut niveau de comp\u00e9tence des \u00e9quipes GMCIS.<\/h4>\t\t\t\t<\/div>\n\t\t\t\t<\/div>\n\t\t\t\t<\/div>\n\t\t<div class=\"elementor-element elementor-element-aa9418e e-con-full e-flex e-con e-child\" data-id=\"aa9418e\" data-element_type=\"container\" data-e-type=\"container\">\n\t\t\t\t<div class=\"elementor-element elementor-element-0716cc4 elementor-widget elementor-widget-image\" data-id=\"0716cc4\" data-element_type=\"widget\" data-e-type=\"widget\" data-widget_type=\"image.default\">\n\t\t\t\t<div class=\"elementor-widget-container\">\n\t\t\t\t\t\t\t\t\t\t\t\t\t\t\t<img loading=\"lazy\" decoding=\"async\" width=\"780\" height=\"1052\" src=\"https:\/\/gmci-services.com\/wp-content\/uploads\/2026\/05\/WhatsApp-Image-2026-04-05-at-11.23.34-AM.jpeg\" class=\"attachment-full size-full wp-image-1995\" alt=\"whatsapp image 2026 04 05 at 11.23.34 am\" srcset=\"https:\/\/gmci-services.com\/wp-content\/uploads\/2026\/05\/WhatsApp-Image-2026-04-05-at-11.23.34-AM.jpeg 780w, https:\/\/gmci-services.com\/wp-content\/uploads\/2026\/05\/WhatsApp-Image-2026-04-05-at-11.23.34-AM-222x300.jpeg 222w, https:\/\/gmci-services.com\/wp-content\/uploads\/2026\/05\/WhatsApp-Image-2026-04-05-at-11.23.34-AM-759x1024.jpeg 759w, https:\/\/gmci-services.com\/wp-content\/uploads\/2026\/05\/WhatsApp-Image-2026-04-05-at-11.23.34-AM-768x1036.jpeg 768w, https:\/\/gmci-services.com\/wp-content\/uploads\/2026\/05\/WhatsApp-Image-2026-04-05-at-11.23.34-AM-9x12.jpeg 9w\" sizes=\"(max-width: 780px) 100vw, 780px\" title=\"Travaux\">\t\t\t\t\t\t\t\t\t\t\t\t\t\t\t<\/div>\n\t\t\t\t<\/div>\n\t\t\t\t<div class=\"elementor-element elementor-element-a9ba320 elementor-widget elementor-widget-heading\" data-id=\"a9ba320\" data-element_type=\"widget\" data-e-type=\"widget\" data-widget_type=\"heading.default\">\n\t\t\t\t<div class=\"elementor-widget-container\">\n\t\t\t\t\t<h4 class=\"elementor-heading-title elementor-size-default\">\ud83d\udd39 Travaux anti-piraterie<\/h4>\t\t\t\t<\/div>\n\t\t\t\t<\/div>\n\t\t\t\t<div class=\"elementor-element elementor-element-b292663 elementor-widget elementor-widget-text-editor\" data-id=\"b292663\" data-element_type=\"widget\" data-e-type=\"widget\" data-widget_type=\"text-editor.default\">\n\t\t\t\t<div class=\"elementor-widget-container\">\n\t\t\t\t\t\t\t\t\t<p data-start=\"168\" data-end=\"312\">GMCIS r\u00e9alise des travaux de s\u00e9curisation pour les installations en zones sensibles, incluant la pose de grilles et de renforts de protection.<\/p><p data-start=\"314\" data-end=\"490\">Ces interventions sont effectu\u00e9es avec une attention particuli\u00e8re \u00e0 la s\u00e9curit\u00e9 et \u00e0 la discr\u00e9tion, afin de prot\u00e9ger les infrastructures et les op\u00e9rations en milieu \u00e0 risque.<\/p><p data-start=\"492\" data-end=\"561\">\u00a0<\/p>\t\t\t\t\t\t\t\t<\/div>\n\t\t\t\t<\/div>\n\t\t\t\t<div class=\"elementor-element elementor-element-1ad3480 elementor-widget elementor-widget-heading\" data-id=\"1ad3480\" data-element_type=\"widget\" data-e-type=\"widget\" data-widget_type=\"heading.default\">\n\t\t\t\t<div class=\"elementor-widget-container\">\n\t\t\t\t\t<h4 class=\"elementor-heading-title elementor-size-default\">\ud83d\udcf8 Solutions de renforcement adapt\u00e9es aux environnements critiques.<\/h4>\t\t\t\t<\/div>\n\t\t\t\t<\/div>\n\t\t\t\t<\/div>\n\t\t\t\t\t<\/div>\n\t\t\t\t<\/div>\n\t\t<div class=\"elementor-element elementor-element-0787bb8 e-flex e-con-boxed e-con e-parent\" data-id=\"0787bb8\" data-element_type=\"container\" data-e-type=\"container\" data-settings=\"{&quot;background_background&quot;:&quot;classic&quot;}\">\n\t\t\t\t\t<div class=\"e-con-inner\">\n\t\t<div class=\"elementor-element elementor-element-c9c0ef2 e-con-full e-flex e-con e-child\" data-id=\"c9c0ef2\" data-element_type=\"container\" data-e-type=\"container\">\n\t\t\t\t<div class=\"elementor-element elementor-element-3d1f41e elementor-widget elementor-widget-heading\" data-id=\"3d1f41e\" data-element_type=\"widget\" data-e-type=\"widget\" data-widget_type=\"heading.default\">\n\t\t\t\t<div class=\"elementor-widget-container\">\n\t\t\t\t\t<h3 class=\"elementor-heading-title elementor-size-default\">Inscrivez-vous et gardez une longueur d\u2019avance avec GMCIS.<\/h3>\t\t\t\t<\/div>\n\t\t\t\t<\/div>\n\t\t\t\t<\/div>\n\t\t<div class=\"elementor-element elementor-element-2d159bb e-con-full e-flex e-con e-child\" data-id=\"2d159bb\" data-element_type=\"container\" data-e-type=\"container\">\n\t\t\t\t<div class=\"elementor-element elementor-element-46a70aa elementor-align-right elementor-widget elementor-widget-button\" data-id=\"46a70aa\" data-element_type=\"widget\" data-e-type=\"widget\" data-widget_type=\"button.default\">\n\t\t\t\t<div class=\"elementor-widget-container\">\n\t\t\t\t\t\t\t\t\t<div class=\"elementor-button-wrapper\">\n\t\t\t\t\t<a class=\"elementor-button elementor-button-link elementor-size-sm\" href=\"https:\/\/gmci-services.com\/contact\/\">\n\t\t\t\t\t\t<span class=\"elementor-button-content-wrapper\">\n\t\t\t\t\t\t<span class=\"elementor-button-icon\">\n\t\t\t\t<i aria-hidden=\"true\" class=\"far fa-check-circle\"><\/i>\t\t\t<\/span>\n\t\t\t\t\t\t\t\t\t<span class=\"elementor-button-text\">S'inscrire<\/span>\n\t\t\t\t\t<\/span>\n\t\t\t\t\t<\/a>\n\t\t\t\t<\/div>\n\t\t\t\t\t\t\t\t<\/div>\n\t\t\t\t<\/div>\n\t\t\t\t<\/div>\n\t\t\t\t\t<\/div>\n\t\t\t\t<\/div>\n\t\t\t\t<\/div>\n\t\t","protected":false},"excerpt":{"rendered":"<p>R\u00e9alisations &amp; Newsletter Accueil R\u00e9alisations &amp; Newsletter \ud83d\udd39Hangar Frisomat \u00e0 Ntchengue (Port-Gentil, Gabon) Construit pour la c\u00f4te. Con\u00e7u pour durer. \u00c0 Ntchengue, pr\u00e8s de Port-Gentil, les op\u00e9rations n\u00e9cessitaient un atelier capable de r\u00e9sister \u00e0 une forte humidit\u00e9, \u00e0 l\u2019air salin et \u00e0 un usage intensif au quotidien, sans compromettre la rapidit\u00e9 de mise en \u0153uvre. [&hellip;]<\/p>\n","protected":false},"author":1,"featured_media":0,"parent":0,"menu_order":0,"comment_status":"closed","ping_status":"closed","template":"","meta":{"site-sidebar-layout":"no-sidebar","site-content-layout":"page-builder","ast-site-content-layout":"full-width-container","site-content-style":"unboxed","site-sidebar-style":"unboxed","ast-global-header-display":"","ast-banner-title-visibility":"","ast-main-header-display":"","ast-hfb-above-header-display":"","ast-hfb-below-header-display":"","ast-hfb-mobile-header-display":"","site-post-title":"disabled","ast-breadcrumbs-content":"","ast-featured-img":"disabled","footer-sml-layout":"","ast-disable-related-posts":"","theme-transparent-header-meta":"enabled","adv-header-id-meta":"","stick-header-meta":"","header-above-stick-meta":"","header-main-stick-meta":"","header-below-stick-meta":"","astra-migrate-meta-layouts":"set","ast-page-background-enabled":"default","ast-page-background-meta":{"desktop":{"background-color":"","background-image":"","background-repeat":"repeat","background-position":"center center","background-size":"auto","background-attachment":"scroll","background-type":"","background-media":"","overlay-type":"","overlay-color":"","overlay-opacity":"","overlay-gradient":""},"tablet":{"background-color":"","background-image":"","background-repeat":"repeat","background-position":"center center","background-size":"auto","background-attachment":"scroll","background-type":"","background-media":"","overlay-type":"","overlay-color":"","overlay-opacity":"","overlay-gradient":""},"mobile":{"background-color":"","background-image":"","background-repeat":"repeat","background-position":"center center","background-size":"auto","background-attachment":"scroll","background-type":"","background-media":"","overlay-type":"","overlay-color":"","overlay-opacity":"","overlay-gradient":""}},"ast-content-background-meta":{"desktop":{"background-color":"var(--ast-global-color-5)","background-image":"","background-repeat":"repeat","background-position":"center center","background-size":"auto","background-attachment":"scroll","background-type":"","background-media":"","overlay-type":"","overlay-color":"","overlay-opacity":"","overlay-gradient":""},"tablet":{"background-color":"var(--ast-global-color-5)","background-image":"","background-repeat":"repeat","background-position":"center center","background-size":"auto","background-attachment":"scroll","background-type":"","background-media":"","overlay-type":"","overlay-color":"","overlay-opacity":"","overlay-gradient":""},"mobile":{"background-color":"var(--ast-global-color-5)","background-image":"","background-repeat":"repeat","background-position":"center center","background-size":"auto","background-attachment":"scroll","background-type":"","background-media":"","overlay-type":"","overlay-color":"","overlay-opacity":"","overlay-gradient":""}},"footnotes":""},"class_list":["post-532","page","type-page","status-publish","hentry"],"_links":{"self":[{"href":"https:\/\/gmci-services.com\/en\/wp-json\/wp\/v2\/pages\/532","targetHints":{"allow":["GET"]}}],"collection":[{"href":"https:\/\/gmci-services.com\/en\/wp-json\/wp\/v2\/pages"}],"about":[{"href":"https:\/\/gmci-services.com\/en\/wp-json\/wp\/v2\/types\/page"}],"author":[{"embeddable":true,"href":"https:\/\/gmci-services.com\/en\/wp-json\/wp\/v2\/users\/1"}],"replies":[{"embeddable":true,"href":"https:\/\/gmci-services.com\/en\/wp-json\/wp\/v2\/comments?post=532"}],"version-history":[{"count":29,"href":"https:\/\/gmci-services.com\/en\/wp-json\/wp\/v2\/pages\/532\/revisions"}],"predecessor-version":[{"id":2065,"href":"https:\/\/gmci-services.com\/en\/wp-json\/wp\/v2\/pages\/532\/revisions\/2065"}],"wp:attachment":[{"href":"https:\/\/gmci-services.com\/en\/wp-json\/wp\/v2\/media?parent=532"}],"curies":[{"name":"wp","href":"https:\/\/api.w.org\/{rel}","templated":true}]}}